{"id":97,"date":"2024-06-20T13:09:21","date_gmt":"2024-06-20T13:09:21","guid":{"rendered":"https:\/\/la-rioja.eu\/?page_id=97"},"modified":"2024-09-27T11:59:59","modified_gmt":"2024-09-27T09:59:59","slug":"home-2","status":"publish","type":"page","link":"https:\/\/la-rioja.eu\/fr\/","title":{"rendered":"Accueil"},"content":{"rendered":"<div data-elementor-type=\"wp-page\" data-elementor-id=\"97\" class=\"elementor elementor-97\">\n\t\t\t\t<div class=\"elementor-element elementor-element-c800160 e-con-full e-flex e-con e-parent\" data-id=\"c800160\" data-element_type=\"container\">\n\t\t\t\t<div class=\"elementor-element elementor-element-b6a166d elementor-widget elementor-widget-heading\" data-id=\"b6a166d\" data-element_type=\"widget\" data-widget_type=\"heading.default\">\n\t\t\t\t<div class=\"elementor-widget-container\">\n\t\t\t<h2 class=\"elementor-heading-title elementor-size-default\">Bienvenue sur le site de ce bistrot pas comme les autres<\/h2>\t\t<\/div>\n\t\t\t\t<\/div>\n\t\t\t\t<div class=\"elementor-element elementor-element-6eee89f elementor-widget__width-initial elementor-widget elementor-widget-image\" data-id=\"6eee89f\" data-element_type=\"widget\" data-widget_type=\"image.default\">\n\t\t\t\t<div class=\"elementor-widget-container\">\n\t\t\t\t\t\t\t\t\t\t\t\t\t<img fetchpriority=\"high\" decoding=\"async\" width=\"1080\" height=\"512\" src=\"https:\/\/la-rioja.eu\/wp-content\/uploads\/2024\/06\/Intro-Bild_1080.jpg\" class=\"attachment-full size-full wp-image-134\" alt=\"\" srcset=\"https:\/\/la-rioja.eu\/wp-content\/uploads\/2024\/06\/Intro-Bild_1080.jpg 1080w, https:\/\/la-rioja.eu\/wp-content\/uploads\/2024\/06\/Intro-Bild_1080-300x142.jpg 300w, https:\/\/la-rioja.eu\/wp-content\/uploads\/2024\/06\/Intro-Bild_1080-1024x485.jpg 1024w, https:\/\/la-rioja.eu\/wp-content\/uploads\/2024\/06\/Intro-Bild_1080-768x364.jpg 768w\" sizes=\"(max-width: 1080px) 100vw, 1080px\" \/>\t\t\t\t\t\t\t\t\t\t\t\t\t<\/div>\n\t\t\t\t<\/div>\n\t\t\t\t<div class=\"elementor-element elementor-element-ac8dfc3 elementor-widget__width-inherit elementor-widget elementor-widget-text-editor\" data-id=\"ac8dfc3\" data-element_type=\"widget\" data-widget_type=\"text-editor.default\">\n\t\t\t\t<div class=\"elementor-widget-container\">\n\t\t\t\t\t\t\t<p>Nous apportons la culture espagnole en France, chez nous vous avez la possibilit\u00e9 de d\u00e9guster et d\u2019acheter les vins, et nous avons \u00e9galement d\u2019autres sp\u00e9cialit\u00e9s espagnoles que vous pouvez \u00e9galement essayer lors de nos \u00e9v\u00e9nements.<\/p>\t\t\t\t\t\t<\/div>\n\t\t\t\t<\/div>\n\t\t\t\t<\/div>\n\t\t<div class=\"elementor-element elementor-element-17d17ff e-grid e-con-boxed e-con e-parent\" data-id=\"17d17ff\" data-element_type=\"container\">\n\t\t\t\t\t<div class=\"e-con-inner\">\n\t\t\t\t<div class=\"elementor-element elementor-element-3ac4b27 elementor-widget elementor-widget-image\" data-id=\"3ac4b27\" data-element_type=\"widget\" data-widget_type=\"image.default\">\n\t\t\t\t<div class=\"elementor-widget-container\">\n\t\t\t\t\t\t\t\t\t\t\t\t\t<img decoding=\"async\" width=\"480\" height=\"600\" src=\"https:\/\/la-rioja.eu\/wp-content\/uploads\/2024\/06\/Verkauf-480x600.jpeg\" class=\"attachment-ocean-thumb-m size-ocean-thumb-m wp-image-112\" alt=\"Verkauf\" \/>\t\t\t\t\t\t\t\t\t\t\t\t\t<\/div>\n\t\t\t\t<\/div>\n\t\t\t\t<div class=\"elementor-element elementor-element-a34dc25 elementor-widget elementor-widget-image\" data-id=\"a34dc25\" data-element_type=\"widget\" data-widget_type=\"image.default\">\n\t\t\t\t<div class=\"elementor-widget-container\">\n\t\t\t\t\t\t\t\t\t\t\t\t\t<img decoding=\"async\" width=\"480\" height=\"640\" src=\"https:\/\/la-rioja.eu\/wp-content\/uploads\/2024\/06\/Gedeckter-Tisch-rotated.jpeg\" class=\"attachment-large size-large wp-image-152\" alt=\"Resteraunt\" srcset=\"https:\/\/la-rioja.eu\/wp-content\/uploads\/2024\/06\/Gedeckter-Tisch-rotated.jpeg 480w, https:\/\/la-rioja.eu\/wp-content\/uploads\/2024\/06\/Gedeckter-Tisch-225x300.jpeg 225w\" sizes=\"(max-width: 480px) 100vw, 480px\" \/>\t\t\t\t\t\t\t\t\t\t\t\t\t<\/div>\n\t\t\t\t<\/div>\n\t\t\t\t\t<\/div>\n\t\t\t\t<\/div>\n\t\t<div class=\"elementor-element elementor-element-62aff55 e-flex e-con-boxed e-con e-parent\" data-id=\"62aff55\" data-element_type=\"container\">\n\t\t\t\t\t<div class=\"e-con-inner\">\n\t\t\t\t<div class=\"elementor-element elementor-element-f38b7e5 elementor-widget elementor-widget-heading\" data-id=\"f38b7e5\" data-element_type=\"widget\" data-widget_type=\"heading.default\">\n\t\t\t\t<div class=\"elementor-widget-container\">\n\t\t\t<h2 class=\"elementor-heading-title elementor-size-default\">Nous sommes \u00e0 votre disposition les jours suivants :\n<\/h2>\t\t<\/div>\n\t\t\t\t<\/div>\n\t\t\t\t<div class=\"elementor-element elementor-element-b7ddd3f elementor-widget elementor-widget-heading\" data-id=\"b7ddd3f\" data-element_type=\"widget\" data-widget_type=\"heading.default\">\n\t\t\t\t<div class=\"elementor-widget-container\">\n\t\t\t<h2 class=\"elementor-heading-title elementor-size-default\">\n<\/h2>\t\t<\/div>\n\t\t\t\t<\/div>\n\t\t\t\t<div class=\"elementor-element elementor-element-13ea80a elementor-widget elementor-widget-text-editor\" data-id=\"13ea80a\" data-element_type=\"widget\" data-widget_type=\"text-editor.default\">\n\t\t\t\t<div class=\"elementor-widget-container\">\n\t\t\t\t\t\t\t<p>Mercredi de 10h00 - 22h00<br \/>Jeudi de 10h00 - 18h00<br \/>Vendredi 10h00 - 22h00<br \/>Samedi  9h00 - 13h00<br \/>Ou selon des accords.<\/p><p>Des \u00e9v\u00e9nements sont \u00e9galement organis\u00e9s r\u00e9guli\u00e8rement, consultez le calendrier des \u00e9v\u00e9nements.<\/p><p>\u00a0<\/p>\t\t\t\t\t\t<\/div>\n\t\t\t\t<\/div>\n\t\t\t\t<div class=\"elementor-element elementor-element-fc10a54 elementor-button-info elementor-align-center elementor-widget elementor-widget-button\" data-id=\"fc10a54\" data-element_type=\"widget\" data-widget_type=\"button.default\">\n\t\t\t\t<div class=\"elementor-widget-container\">\n\t\t\t\t\t<div class=\"elementor-button-wrapper\">\n\t\t\t<a class=\"elementor-button elementor-button-link elementor-size-sm\" href=\"#\">\n\t\t\t\t\t\t<span class=\"elementor-button-content-wrapper\">\n\t\t\t\t\t\t\t\t\t<span class=\"elementor-button-text\">Calendrier des manifestations<\/span>\n\t\t\t\t\t<\/span>\n\t\t\t\t\t<\/a>\n\t\t<\/div>\n\t\t\t\t<\/div>\n\t\t\t\t<\/div>\n\t\t\t\t\t<\/div>\n\t\t\t\t<\/div>\n\t\t\t\t<\/div>","protected":false},"excerpt":{"rendered":"<p>Willkommen auf der Seite des etwas anderen Bistro Wir bringen die Spanische Kultur nach Frankreich, bei uns haben Sie die M\u00f6glichkeit die Weine zu probieren und zu kaufen,\u00a0des Weiteren haben [&hellip;]<\/p>","protected":false},"author":1,"featured_media":0,"parent":0,"menu_order":0,"comment_status":"closed","ping_status":"closed","template":"","meta":{"footnotes":""},"class_list":["post-97","page","type-page","status-publish","hentry","entry"],"yoast_head":"<!-- This site is optimized with the Yoast SEO plugin v23.4 - https:\/\/yoast.com\/wordpress\/plugins\/seo\/ -->\n<title>Home - La-Rioja.eu<\/title>\n<meta name=\"robots\" content=\"index, follow, max-snippet:-1, max-image-preview:large, max-video-preview:-1\" \/>\n<link rel=\"canonical\" href=\"https:\/\/la-rioja.eu\/fr\/\" \/>\n<meta property=\"og:locale\" content=\"fr_FR\" \/>\n<meta property=\"og:type\" content=\"article\" \/>\n<meta property=\"og:title\" content=\"Home - La-Rioja.eu\" \/>\n<meta property=\"og:description\" content=\"Willkommen auf der Seite des etwas anderen Bistro Wir bringen die Spanische Kultur nach Frankreich, bei uns haben Sie die M\u00f6glichkeit die Weine zu probieren und zu kaufen,\u00a0des Weiteren haben [&hellip;]\" \/>\n<meta property=\"og:url\" content=\"https:\/\/la-rioja.eu\/fr\/\" \/>\n<meta property=\"og:site_name\" content=\"La-Rioja.eu\" \/>\n<meta property=\"article:publisher\" content=\"https:\/\/www.facebook.com\/larioja.schreckling\/\" \/>\n<meta property=\"article:modified_time\" content=\"2024-09-27T09:59:59+00:00\" \/>\n<meta property=\"og:image\" content=\"https:\/\/la-rioja.eu\/wp-content\/uploads\/2024\/06\/Intro-Bild_1080.jpg\" \/>\n<meta name=\"twitter:card\" content=\"summary_large_image\" \/>\n<meta name=\"twitter:label1\" content=\"Dur\u00e9e de lecture estim\u00e9e\" \/>\n\t<meta name=\"twitter:data1\" content=\"2 minutes\" \/>\n<script type=\"application\/ld+json\" class=\"yoast-schema-graph\">{\"@context\":\"https:\/\/schema.org\",\"@graph\":[{\"@type\":\"WebPage\",\"@id\":\"https:\/\/la-rioja.eu\/\",\"url\":\"https:\/\/la-rioja.eu\/\",\"name\":\"Home - La-Rioja.eu\",\"isPartOf\":{\"@id\":\"https:\/\/la-rioja.eu\/#website\"},\"primaryImageOfPage\":{\"@id\":\"https:\/\/la-rioja.eu\/#primaryimage\"},\"image\":{\"@id\":\"https:\/\/la-rioja.eu\/#primaryimage\"},\"thumbnailUrl\":\"https:\/\/la-rioja.eu\/wp-content\/uploads\/2024\/06\/Intro-Bild_1080.jpg\",\"datePublished\":\"2024-06-20T13:09:21+00:00\",\"dateModified\":\"2024-09-27T09:59:59+00:00\",\"breadcrumb\":{\"@id\":\"https:\/\/la-rioja.eu\/#breadcrumb\"},\"inLanguage\":\"fr-FR\",\"potentialAction\":[{\"@type\":\"ReadAction\",\"target\":[\"https:\/\/la-rioja.eu\/\"]}]},{\"@type\":\"ImageObject\",\"inLanguage\":\"fr-FR\",\"@id\":\"https:\/\/la-rioja.eu\/#primaryimage\",\"url\":\"https:\/\/la-rioja.eu\/wp-content\/uploads\/2024\/06\/Intro-Bild_1080.jpg\",\"contentUrl\":\"https:\/\/la-rioja.eu\/wp-content\/uploads\/2024\/06\/Intro-Bild_1080.jpg\"},{\"@type\":\"BreadcrumbList\",\"@id\":\"https:\/\/la-rioja.eu\/#breadcrumb\",\"itemListElement\":[{\"@type\":\"ListItem\",\"position\":1,\"name\":\"Startseite\",\"item\":\"https:\/\/la-rioja.eu\/\"},{\"@type\":\"ListItem\",\"position\":2,\"name\":\"Home\"}]},{\"@type\":\"WebSite\",\"@id\":\"https:\/\/la-rioja.eu\/#website\",\"url\":\"https:\/\/la-rioja.eu\/\",\"name\":\"https:\/\/La-Rioja.eu\",\"description\":\"Das etwas andere Restaurant\",\"publisher\":{\"@id\":\"https:\/\/la-rioja.eu\/#organization\"},\"potentialAction\":[{\"@type\":\"SearchAction\",\"target\":{\"@type\":\"EntryPoint\",\"urlTemplate\":\"https:\/\/la-rioja.eu\/?s={search_term_string}\"},\"query-input\":{\"@type\":\"PropertyValueSpecification\",\"valueRequired\":true,\"valueName\":\"search_term_string\"}}],\"inLanguage\":\"fr-FR\"},{\"@type\":\"Organization\",\"@id\":\"https:\/\/la-rioja.eu\/#organization\",\"name\":\"https:\/\/La-Rioja.eu\",\"url\":\"https:\/\/la-rioja.eu\/\",\"logo\":{\"@type\":\"ImageObject\",\"inLanguage\":\"fr-FR\",\"@id\":\"https:\/\/la-rioja.eu\/#\/schema\/logo\/image\/\",\"url\":\"https:\/\/la-rioja.eu\/wp-content\/uploads\/2024\/09\/cropped-Logo_geaendert.jpg\",\"contentUrl\":\"https:\/\/la-rioja.eu\/wp-content\/uploads\/2024\/09\/cropped-Logo_geaendert.jpg\",\"width\":220,\"height\":135,\"caption\":\"https:\/\/La-Rioja.eu\"},\"image\":{\"@id\":\"https:\/\/la-rioja.eu\/#\/schema\/logo\/image\/\"},\"sameAs\":[\"https:\/\/www.facebook.com\/larioja.schreckling\/\"]}]}<\/script>\n<!-- \/ Yoast SEO plugin. -->","yoast_head_json":{"title":"Home - La-Rioja.eu","robots":{"index":"index","follow":"follow","max-snippet":"max-snippet:-1","max-image-preview":"max-image-preview:large","max-video-preview":"max-video-preview:-1"},"canonical":"https:\/\/la-rioja.eu\/fr\/","og_locale":"fr_FR","og_type":"article","og_title":"Home - La-Rioja.eu","og_description":"Willkommen auf der Seite des etwas anderen Bistro Wir bringen die Spanische Kultur nach Frankreich, bei uns haben Sie die M\u00f6glichkeit die Weine zu probieren und zu kaufen,\u00a0des Weiteren haben [&hellip;]","og_url":"https:\/\/la-rioja.eu\/fr\/","og_site_name":"La-Rioja.eu","article_publisher":"https:\/\/www.facebook.com\/larioja.schreckling\/","article_modified_time":"2024-09-27T09:59:59+00:00","og_image":[{"url":"https:\/\/la-rioja.eu\/wp-content\/uploads\/2024\/06\/Intro-Bild_1080.jpg"}],"twitter_card":"summary_large_image","twitter_misc":{"Dur\u00e9e de lecture estim\u00e9e":"2 minutes"},"schema":{"@context":"https:\/\/schema.org","@graph":[{"@type":"WebPage","@id":"https:\/\/la-rioja.eu\/","url":"https:\/\/la-rioja.eu\/","name":"Home - La-Rioja.eu","isPartOf":{"@id":"https:\/\/la-rioja.eu\/#website"},"primaryImageOfPage":{"@id":"https:\/\/la-rioja.eu\/#primaryimage"},"image":{"@id":"https:\/\/la-rioja.eu\/#primaryimage"},"thumbnailUrl":"https:\/\/la-rioja.eu\/wp-content\/uploads\/2024\/06\/Intro-Bild_1080.jpg","datePublished":"2024-06-20T13:09:21+00:00","dateModified":"2024-09-27T09:59:59+00:00","breadcrumb":{"@id":"https:\/\/la-rioja.eu\/#breadcrumb"},"inLanguage":"fr-FR","potentialAction":[{"@type":"ReadAction","target":["https:\/\/la-rioja.eu\/"]}]},{"@type":"ImageObject","inLanguage":"fr-FR","@id":"https:\/\/la-rioja.eu\/#primaryimage","url":"https:\/\/la-rioja.eu\/wp-content\/uploads\/2024\/06\/Intro-Bild_1080.jpg","contentUrl":"https:\/\/la-rioja.eu\/wp-content\/uploads\/2024\/06\/Intro-Bild_1080.jpg"},{"@type":"BreadcrumbList","@id":"https:\/\/la-rioja.eu\/#breadcrumb","itemListElement":[{"@type":"ListItem","position":1,"name":"Startseite","item":"https:\/\/la-rioja.eu\/"},{"@type":"ListItem","position":2,"name":"Home"}]},{"@type":"WebSite","@id":"https:\/\/la-rioja.eu\/#website","url":"https:\/\/la-rioja.eu\/","name":"https:\/\/La-Rioja.eu","description":"Das etwas andere Restaurant","publisher":{"@id":"https:\/\/la-rioja.eu\/#organization"},"potentialAction":[{"@type":"SearchAction","target":{"@type":"EntryPoint","urlTemplate":"https:\/\/la-rioja.eu\/?s={search_term_string}"},"query-input":{"@type":"PropertyValueSpecification","valueRequired":true,"valueName":"search_term_string"}}],"inLanguage":"fr-FR"},{"@type":"Organization","@id":"https:\/\/la-rioja.eu\/#organization","name":"https:\/\/La-Rioja.eu","url":"https:\/\/la-rioja.eu\/","logo":{"@type":"ImageObject","inLanguage":"fr-FR","@id":"https:\/\/la-rioja.eu\/#\/schema\/logo\/image\/","url":"https:\/\/la-rioja.eu\/wp-content\/uploads\/2024\/09\/cropped-Logo_geaendert.jpg","contentUrl":"https:\/\/la-rioja.eu\/wp-content\/uploads\/2024\/09\/cropped-Logo_geaendert.jpg","width":220,"height":135,"caption":"https:\/\/La-Rioja.eu"},"image":{"@id":"https:\/\/la-rioja.eu\/#\/schema\/logo\/image\/"},"sameAs":["https:\/\/www.facebook.com\/larioja.schreckling\/"]}]}},"_links":{"self":[{"href":"https:\/\/la-rioja.eu\/fr\/wp-json\/wp\/v2\/pages\/97"}],"collection":[{"href":"https:\/\/la-rioja.eu\/fr\/wp-json\/wp\/v2\/pages"}],"about":[{"href":"https:\/\/la-rioja.eu\/fr\/wp-json\/wp\/v2\/types\/page"}],"author":[{"embeddable":true,"href":"https:\/\/la-rioja.eu\/fr\/wp-json\/wp\/v2\/users\/1"}],"replies":[{"embeddable":true,"href":"https:\/\/la-rioja.eu\/fr\/wp-json\/wp\/v2\/comments?post=97"}],"version-history":[{"count":64,"href":"https:\/\/la-rioja.eu\/fr\/wp-json\/wp\/v2\/pages\/97\/revisions"}],"predecessor-version":[{"id":566,"href":"https:\/\/la-rioja.eu\/fr\/wp-json\/wp\/v2\/pages\/97\/revisions\/566"}],"wp:attachment":[{"href":"https:\/\/la-rioja.eu\/fr\/wp-json\/wp\/v2\/media?parent=97"}],"curies":[{"name":"wp","href":"https:\/\/api.w.org\/{rel}","templated":true}]}}