{"id":60,"date":"2024-06-20T08:04:10","date_gmt":"2024-06-20T08:04:10","guid":{"rendered":"https:\/\/la-rioja.eu\/?page_id=60"},"modified":"2024-09-13T10:58:38","modified_gmt":"2024-09-13T10:58:38","slug":"verkauf","status":"publish","type":"page","link":"https:\/\/la-rioja.eu\/fr\/verkauf\/","title":{"rendered":"Vente"},"content":{"rendered":"<div data-elementor-type=\"wp-page\" data-elementor-id=\"60\" class=\"elementor elementor-60\">\n\t\t\t\t<div class=\"elementor-element elementor-element-99cdf5e e-con-full e-flex e-con e-parent\" data-id=\"99cdf5e\" data-element_type=\"container\">\n\t\t<div class=\"elementor-element elementor-element-ae5eb27 e-con-full e-flex e-con e-child\" data-id=\"ae5eb27\" data-element_type=\"container\">\n\t\t\t\t<div class=\"elementor-element elementor-element-0fdeeb5 elementor-widget elementor-widget-heading\" data-id=\"0fdeeb5\" data-element_type=\"widget\" data-widget_type=\"heading.default\">\n\t\t\t\t<div class=\"elementor-widget-container\">\n\t\t\t<h2 class=\"elementor-heading-title elementor-size-default\">Faites venir un petit bout d'Espagne directement chez vous.<\/h2>\t\t<\/div>\n\t\t\t\t<\/div>\n\t\t\t\t<\/div>\n\t\t\t\t<\/div>\n\t\t<div class=\"elementor-element elementor-element-f3b62e3 e-grid e-con-full e-con e-parent\" data-id=\"f3b62e3\" data-element_type=\"container\">\n\t\t\t\t<div class=\"elementor-element elementor-element-16761f6 elementor-widget elementor-widget-image\" data-id=\"16761f6\" data-element_type=\"widget\" data-widget_type=\"image.default\">\n\t\t\t\t<div class=\"elementor-widget-container\">\n\t\t\t\t\t\t\t\t\t\t<figure class=\"wp-caption\">\n\t\t\t\t\t\t\t\t\t\t<img fetchpriority=\"high\" decoding=\"async\" width=\"480\" height=\"640\" src=\"https:\/\/la-rioja.eu\/wp-content\/uploads\/2024\/06\/Verkauf-rotated.jpeg\" class=\"attachment-large size-large wp-image-112\" alt=\"Verkauf\" srcset=\"https:\/\/la-rioja.eu\/wp-content\/uploads\/2024\/06\/Verkauf-rotated.jpeg 480w, https:\/\/la-rioja.eu\/wp-content\/uploads\/2024\/06\/Verkauf-225x300.jpeg 225w\" sizes=\"(max-width: 480px) 100vw, 480px\" \/>\t\t\t\t\t\t\t\t\t\t\t<figcaption class=\"widget-image-caption wp-caption-text\">Le coin des ventes<\/figcaption>\n\t\t\t\t\t\t\t\t\t\t<\/figure>\n\t\t\t\t\t\t\t<\/div>\n\t\t\t\t<\/div>\n\t\t\t\t<div class=\"elementor-element elementor-element-ace7dc3 elementor-widget elementor-widget-text-editor\" data-id=\"ace7dc3\" data-element_type=\"widget\" data-widget_type=\"text-editor.default\">\n\t\t\t\t<div class=\"elementor-widget-container\">\n\t\t\t\t\t\t\t<p>Nous vous proposons des sp\u00e9cialit\u00e9s espagnoles s\u00e9lectionn\u00e9es directement de la r\u00e9gion de La Rioja. <span style=\"text-decoration: underline;\"><strong>La Rioja<\/strong><\/span> an.<\/p><p>Nous s\u00e9lectionnons personnellement sur place les produits propos\u00e9s avec beaucoup d'amour et de soin.<\/p><p>Pour cela, nous accordons une grande importance \u00e0 la culture biologique et \u00e0 la transformation de qualit\u00e9.<\/p><p><span style=\"text-decoration: underline;\"><strong>Notre gamme de produits comprend entre autres<\/strong><\/span><\/p><ul><li>vins fins<\/li><li>jambon<\/li><li>huile d'olive<\/li><li>vinaigre<\/li><li>fromage<\/li><li>et bien plus encore<\/li><\/ul><p>Nous sommes heureux de vous accueillir dans notre \u00e9picerie fine espagnole !\u00a0\u00a0<\/p>\t\t\t\t\t\t<\/div>\n\t\t\t\t<\/div>\n\t\t\t\t<\/div>\n\t\t<div class=\"elementor-element elementor-element-08400bd e-flex e-con-boxed e-con e-parent\" data-id=\"08400bd\" data-element_type=\"container\">\n\t\t\t\t\t<div class=\"e-con-inner\">\n\t\t\t\t<div class=\"elementor-element elementor-element-741f034 elementor-widget elementor-widget-image\" data-id=\"741f034\" data-element_type=\"widget\" data-widget_type=\"image.default\">\n\t\t\t\t<div class=\"elementor-widget-container\">\n\t\t\t\t\t\t\t\t\t\t<figure class=\"wp-caption\">\n\t\t\t\t\t\t\t\t\t\t\t<a href=\"https:\/\/la-rioja.eu\/fr\/verkauf\/Konserve\/\">\n\t\t\t\t\t\t\t<img decoding=\"async\" width=\"768\" height=\"1024\" src=\"https:\/\/la-rioja.eu\/wp-content\/uploads\/2024\/09\/conserve-768x1024.jpg\" class=\"attachment-medium_large size-medium_large wp-image-540\" alt=\"\" srcset=\"https:\/\/la-rioja.eu\/wp-content\/uploads\/2024\/09\/conserve-768x1024.jpg 768w, https:\/\/la-rioja.eu\/wp-content\/uploads\/2024\/09\/conserve-225x300.jpg 225w, https:\/\/la-rioja.eu\/wp-content\/uploads\/2024\/09\/conserve-1152x1536.jpg 1152w, https:\/\/la-rioja.eu\/wp-content\/uploads\/2024\/09\/conserve-9x12.jpg 9w, https:\/\/la-rioja.eu\/wp-content\/uploads\/2024\/09\/conserve.jpg 1488w\" sizes=\"(max-width: 768px) 100vw, 768px\" \/>\t\t\t\t\t\t\t\t<\/a>\n\t\t\t\t\t\t\t\t\t\t\t<figcaption class=\"widget-image-caption wp-caption-text\">Konserve, weitere Information erhalten Sie durch Klick auf das Bild<\/figcaption>\n\t\t\t\t\t\t\t\t\t\t<\/figure>\n\t\t\t\t\t\t\t<\/div>\n\t\t\t\t<\/div>\n\t\t\t\t\t<\/div>\n\t\t\t\t<\/div>\n\t\t\t\t<\/div>","protected":false},"excerpt":{"rendered":"<p>Holen Sie sich ein kleines St\u00fcck Spanien direkt zu sich nach Hause. Die Verkaufsecke Wir bieten Ihnen ausgew\u00e4hlte spanische Spezialit\u00e4ten direkt aus der Region La Rioja an. Mit viel Liebe [&hellip;]<\/p>","protected":false},"author":1,"featured_media":0,"parent":0,"menu_order":0,"comment_status":"closed","ping_status":"closed","template":"","meta":{"footnotes":""},"class_list":["post-60","page","type-page","status-publish","hentry","entry"],"yoast_head":"<!-- This site is optimized with the Yoast SEO plugin v23.4 - https:\/\/yoast.com\/wordpress\/plugins\/seo\/ -->\n<title>Verkauf - La-Rioja.eu<\/title>\n<meta name=\"robots\" content=\"index, follow, max-snippet:-1, max-image-preview:large, max-video-preview:-1\" \/>\n<link rel=\"canonical\" href=\"https:\/\/la-rioja.eu\/fr\/verkauf\/\" \/>\n<meta property=\"og:locale\" content=\"fr_FR\" \/>\n<meta property=\"og:type\" content=\"article\" \/>\n<meta property=\"og:title\" content=\"Verkauf - La-Rioja.eu\" \/>\n<meta property=\"og:description\" content=\"Holen Sie sich ein kleines St\u00fcck Spanien direkt zu sich nach Hause. Die Verkaufsecke Wir bieten Ihnen ausgew\u00e4hlte spanische Spezialit\u00e4ten direkt aus der Region La Rioja an. Mit viel Liebe [&hellip;]\" \/>\n<meta property=\"og:url\" content=\"https:\/\/la-rioja.eu\/fr\/verkauf\/\" \/>\n<meta property=\"og:site_name\" content=\"La-Rioja.eu\" \/>\n<meta property=\"article:publisher\" content=\"https:\/\/www.facebook.com\/larioja.schreckling\/\" \/>\n<meta property=\"article:modified_time\" content=\"2024-09-13T10:58:38+00:00\" \/>\n<meta property=\"og:image\" content=\"https:\/\/la-rioja.eu\/wp-content\/uploads\/2024\/06\/Verkauf-rotated.jpeg\" \/>\n<meta name=\"twitter:card\" content=\"summary_large_image\" \/>\n<meta name=\"twitter:label1\" content=\"Dur\u00e9e de lecture estim\u00e9e\" \/>\n\t<meta name=\"twitter:data1\" content=\"1 minute\" \/>\n<script type=\"application\/ld+json\" class=\"yoast-schema-graph\">{\"@context\":\"https:\/\/schema.org\",\"@graph\":[{\"@type\":\"WebPage\",\"@id\":\"https:\/\/la-rioja.eu\/verkauf\/\",\"url\":\"https:\/\/la-rioja.eu\/verkauf\/\",\"name\":\"Verkauf - La-Rioja.eu\",\"isPartOf\":{\"@id\":\"https:\/\/la-rioja.eu\/#website\"},\"primaryImageOfPage\":{\"@id\":\"https:\/\/la-rioja.eu\/verkauf\/#primaryimage\"},\"image\":{\"@id\":\"https:\/\/la-rioja.eu\/verkauf\/#primaryimage\"},\"thumbnailUrl\":\"https:\/\/la-rioja.eu\/wp-content\/uploads\/2024\/06\/Verkauf-rotated.jpeg\",\"datePublished\":\"2024-06-20T08:04:10+00:00\",\"dateModified\":\"2024-09-13T10:58:38+00:00\",\"breadcrumb\":{\"@id\":\"https:\/\/la-rioja.eu\/verkauf\/#breadcrumb\"},\"inLanguage\":\"fr-FR\",\"potentialAction\":[{\"@type\":\"ReadAction\",\"target\":[\"https:\/\/la-rioja.eu\/verkauf\/\"]}]},{\"@type\":\"ImageObject\",\"inLanguage\":\"fr-FR\",\"@id\":\"https:\/\/la-rioja.eu\/verkauf\/#primaryimage\",\"url\":\"https:\/\/la-rioja.eu\/wp-content\/uploads\/2024\/06\/Verkauf-rotated.jpeg\",\"contentUrl\":\"https:\/\/la-rioja.eu\/wp-content\/uploads\/2024\/06\/Verkauf-rotated.jpeg\"},{\"@type\":\"BreadcrumbList\",\"@id\":\"https:\/\/la-rioja.eu\/verkauf\/#breadcrumb\",\"itemListElement\":[{\"@type\":\"ListItem\",\"position\":1,\"name\":\"Startseite\",\"item\":\"https:\/\/la-rioja.eu\/\"},{\"@type\":\"ListItem\",\"position\":2,\"name\":\"Verkauf\"}]},{\"@type\":\"WebSite\",\"@id\":\"https:\/\/la-rioja.eu\/#website\",\"url\":\"https:\/\/la-rioja.eu\/\",\"name\":\"https:\/\/La-Rioja.eu\",\"description\":\"Das etwas andere Restaurant\",\"publisher\":{\"@id\":\"https:\/\/la-rioja.eu\/#organization\"},\"potentialAction\":[{\"@type\":\"SearchAction\",\"target\":{\"@type\":\"EntryPoint\",\"urlTemplate\":\"https:\/\/la-rioja.eu\/?s={search_term_string}\"},\"query-input\":{\"@type\":\"PropertyValueSpecification\",\"valueRequired\":true,\"valueName\":\"search_term_string\"}}],\"inLanguage\":\"fr-FR\"},{\"@type\":\"Organization\",\"@id\":\"https:\/\/la-rioja.eu\/#organization\",\"name\":\"https:\/\/La-Rioja.eu\",\"url\":\"https:\/\/la-rioja.eu\/\",\"logo\":{\"@type\":\"ImageObject\",\"inLanguage\":\"fr-FR\",\"@id\":\"https:\/\/la-rioja.eu\/#\/schema\/logo\/image\/\",\"url\":\"https:\/\/la-rioja.eu\/wp-content\/uploads\/2024\/09\/cropped-Logo_geaendert.jpg\",\"contentUrl\":\"https:\/\/la-rioja.eu\/wp-content\/uploads\/2024\/09\/cropped-Logo_geaendert.jpg\",\"width\":220,\"height\":135,\"caption\":\"https:\/\/La-Rioja.eu\"},\"image\":{\"@id\":\"https:\/\/la-rioja.eu\/#\/schema\/logo\/image\/\"},\"sameAs\":[\"https:\/\/www.facebook.com\/larioja.schreckling\/\"]}]}<\/script>\n<!-- \/ Yoast SEO plugin. -->","yoast_head_json":{"title":"Verkauf - La-Rioja.eu","robots":{"index":"index","follow":"follow","max-snippet":"max-snippet:-1","max-image-preview":"max-image-preview:large","max-video-preview":"max-video-preview:-1"},"canonical":"https:\/\/la-rioja.eu\/fr\/verkauf\/","og_locale":"fr_FR","og_type":"article","og_title":"Verkauf - La-Rioja.eu","og_description":"Holen Sie sich ein kleines St\u00fcck Spanien direkt zu sich nach Hause. Die Verkaufsecke Wir bieten Ihnen ausgew\u00e4hlte spanische Spezialit\u00e4ten direkt aus der Region La Rioja an. Mit viel Liebe [&hellip;]","og_url":"https:\/\/la-rioja.eu\/fr\/verkauf\/","og_site_name":"La-Rioja.eu","article_publisher":"https:\/\/www.facebook.com\/larioja.schreckling\/","article_modified_time":"2024-09-13T10:58:38+00:00","og_image":[{"url":"https:\/\/la-rioja.eu\/wp-content\/uploads\/2024\/06\/Verkauf-rotated.jpeg"}],"twitter_card":"summary_large_image","twitter_misc":{"Dur\u00e9e de lecture estim\u00e9e":"1 minute"},"schema":{"@context":"https:\/\/schema.org","@graph":[{"@type":"WebPage","@id":"https:\/\/la-rioja.eu\/verkauf\/","url":"https:\/\/la-rioja.eu\/verkauf\/","name":"Verkauf - La-Rioja.eu","isPartOf":{"@id":"https:\/\/la-rioja.eu\/#website"},"primaryImageOfPage":{"@id":"https:\/\/la-rioja.eu\/verkauf\/#primaryimage"},"image":{"@id":"https:\/\/la-rioja.eu\/verkauf\/#primaryimage"},"thumbnailUrl":"https:\/\/la-rioja.eu\/wp-content\/uploads\/2024\/06\/Verkauf-rotated.jpeg","datePublished":"2024-06-20T08:04:10+00:00","dateModified":"2024-09-13T10:58:38+00:00","breadcrumb":{"@id":"https:\/\/la-rioja.eu\/verkauf\/#breadcrumb"},"inLanguage":"fr-FR","potentialAction":[{"@type":"ReadAction","target":["https:\/\/la-rioja.eu\/verkauf\/"]}]},{"@type":"ImageObject","inLanguage":"fr-FR","@id":"https:\/\/la-rioja.eu\/verkauf\/#primaryimage","url":"https:\/\/la-rioja.eu\/wp-content\/uploads\/2024\/06\/Verkauf-rotated.jpeg","contentUrl":"https:\/\/la-rioja.eu\/wp-content\/uploads\/2024\/06\/Verkauf-rotated.jpeg"},{"@type":"BreadcrumbList","@id":"https:\/\/la-rioja.eu\/verkauf\/#breadcrumb","itemListElement":[{"@type":"ListItem","position":1,"name":"Startseite","item":"https:\/\/la-rioja.eu\/"},{"@type":"ListItem","position":2,"name":"Verkauf"}]},{"@type":"WebSite","@id":"https:\/\/la-rioja.eu\/#website","url":"https:\/\/la-rioja.eu\/","name":"https:\/\/La-Rioja.eu","description":"Das etwas andere Restaurant","publisher":{"@id":"https:\/\/la-rioja.eu\/#organization"},"potentialAction":[{"@type":"SearchAction","target":{"@type":"EntryPoint","urlTemplate":"https:\/\/la-rioja.eu\/?s={search_term_string}"},"query-input":{"@type":"PropertyValueSpecification","valueRequired":true,"valueName":"search_term_string"}}],"inLanguage":"fr-FR"},{"@type":"Organization","@id":"https:\/\/la-rioja.eu\/#organization","name":"https:\/\/La-Rioja.eu","url":"https:\/\/la-rioja.eu\/","logo":{"@type":"ImageObject","inLanguage":"fr-FR","@id":"https:\/\/la-rioja.eu\/#\/schema\/logo\/image\/","url":"https:\/\/la-rioja.eu\/wp-content\/uploads\/2024\/09\/cropped-Logo_geaendert.jpg","contentUrl":"https:\/\/la-rioja.eu\/wp-content\/uploads\/2024\/09\/cropped-Logo_geaendert.jpg","width":220,"height":135,"caption":"https:\/\/La-Rioja.eu"},"image":{"@id":"https:\/\/la-rioja.eu\/#\/schema\/logo\/image\/"},"sameAs":["https:\/\/www.facebook.com\/larioja.schreckling\/"]}]}},"_links":{"self":[{"href":"https:\/\/la-rioja.eu\/fr\/wp-json\/wp\/v2\/pages\/60"}],"collection":[{"href":"https:\/\/la-rioja.eu\/fr\/wp-json\/wp\/v2\/pages"}],"about":[{"href":"https:\/\/la-rioja.eu\/fr\/wp-json\/wp\/v2\/types\/page"}],"author":[{"embeddable":true,"href":"https:\/\/la-rioja.eu\/fr\/wp-json\/wp\/v2\/users\/1"}],"replies":[{"embeddable":true,"href":"https:\/\/la-rioja.eu\/fr\/wp-json\/wp\/v2\/comments?post=60"}],"version-history":[{"count":13,"href":"https:\/\/la-rioja.eu\/fr\/wp-json\/wp\/v2\/pages\/60\/revisions"}],"predecessor-version":[{"id":560,"href":"https:\/\/la-rioja.eu\/fr\/wp-json\/wp\/v2\/pages\/60\/revisions\/560"}],"wp:attachment":[{"href":"https:\/\/la-rioja.eu\/fr\/wp-json\/wp\/v2\/media?parent=60"}],"curies":[{"name":"wp","href":"https:\/\/api.w.org\/{rel}","templated":true}]}}