{"id":24,"date":"2024-06-18T11:18:58","date_gmt":"2024-06-18T11:18:58","guid":{"rendered":"http:\/\/la-rioja.eu\/?page_id=24"},"modified":"2024-07-24T07:34:48","modified_gmt":"2024-07-24T07:34:48","slug":"kontakt","status":"publish","type":"page","link":"https:\/\/la-rioja.eu\/fr\/kontakt\/","title":{"rendered":"Contact"},"content":{"rendered":"<div data-elementor-type=\"wp-page\" data-elementor-id=\"24\" class=\"elementor elementor-24\">\n\t\t\t\t<div class=\"elementor-element elementor-element-c73a5a1 e-flex e-con-boxed e-con e-parent\" data-id=\"c73a5a1\" data-element_type=\"container\">\n\t\t\t\t\t<div class=\"e-con-inner\">\n\t\t\t\t<div class=\"elementor-element elementor-element-d548fae elementor-widget elementor-widget-heading\" data-id=\"d548fae\" data-element_type=\"widget\" data-widget_type=\"heading.default\">\n\t\t\t\t<div class=\"elementor-widget-container\">\n\t\t\t<h1 class=\"elementor-heading-title elementor-size-default\">Contact <\/h1>\t\t<\/div>\n\t\t\t\t<\/div>\n\t\t\t\t\t<\/div>\n\t\t\t\t<\/div>\n\t\t<div class=\"elementor-element elementor-element-e77578d e-flex e-con-boxed e-con e-parent\" data-id=\"e77578d\" data-element_type=\"container\">\n\t\t\t\t\t<div class=\"e-con-inner\">\n\t\t<div class=\"elementor-element elementor-element-2451460 e-grid e-con-full e-con e-child\" data-id=\"2451460\" data-element_type=\"container\">\n\t\t\t\t<div class=\"elementor-element elementor-element-c0ff3b8 elementor-widget elementor-widget-heading\" data-id=\"c0ff3b8\" data-element_type=\"widget\" data-widget_type=\"heading.default\">\n\t\t\t\t<div class=\"elementor-widget-container\">\n\t\t\t<h1 class=\"elementor-heading-title elementor-size-default\"><h2 class=\"elementor-heading-title elementor-size-default elementor-inline-editing pen\" data-elementor-setting-key=\"title\" data-pen-placeholder=\"Eingabe hier...\" style=\", sans-serif;font-style: normal\">La Rioja das etwas andre Restaurant<br>\nInh. M. &amp; J Sch\u00e4fer<br><br>32 Route de Sarrelouis<br><br>57320 Schreckling<br><br>T\u00e9l\u00e9phone: +49 160 680 06 86<br>Mail: info@rioja.eu<br><br>Folgen Sie uns auch auf,\noder schreiben uns per Whatsapp<\/h1>\t\t<\/div>\n\t\t\t\t<\/div>\n\t\t\t\t<div class=\"elementor-element elementor-element-d60e1ef elementor-widget elementor-widget-image\" data-id=\"d60e1ef\" data-element_type=\"widget\" data-widget_type=\"image.default\">\n\t\t\t\t<div class=\"elementor-widget-container\">\n\t\t\t\t\t\t\t\t\t\t\t\t\t<img fetchpriority=\"high\" decoding=\"async\" width=\"480\" height=\"640\" src=\"https:\/\/la-rioja.eu\/wp-content\/uploads\/2024\/06\/Gedeckter-Tisch-rotated.jpeg\" class=\"attachment-full size-full wp-image-152\" alt=\"Resteraunt\" srcset=\"https:\/\/la-rioja.eu\/wp-content\/uploads\/2024\/06\/Gedeckter-Tisch-rotated.jpeg 480w, https:\/\/la-rioja.eu\/wp-content\/uploads\/2024\/06\/Gedeckter-Tisch-225x300.jpeg 225w\" sizes=\"(max-width: 480px) 100vw, 480px\" \/>\t\t\t\t\t\t\t\t\t\t\t\t\t<\/div>\n\t\t\t\t<\/div>\n\t\t\t\t<\/div>\n\t\t<div class=\"elementor-element elementor-element-48b08c5 e-con-full e-flex e-con e-child\" data-id=\"48b08c5\" data-element_type=\"container\">\n\t\t\t\t<div class=\"elementor-element elementor-element-6230fb1 e-grid-align-left elementor-shape-rounded elementor-grid-0 elementor-widget elementor-widget-social-icons\" data-id=\"6230fb1\" data-element_type=\"widget\" data-widget_type=\"social-icons.default\">\n\t\t\t\t<div class=\"elementor-widget-container\">\n\t\t\t\t\t<div class=\"elementor-social-icons-wrapper elementor-grid\">\n\t\t\t\t\t\t\t<span class=\"elementor-grid-item\">\n\t\t\t\t\t<a class=\"elementor-icon elementor-social-icon elementor-social-icon-facebook elementor-repeater-item-3f381e8\" target=\"_blank\">\n\t\t\t\t\t\t<span class=\"elementor-screen-only\">Facebook<\/span>\n\t\t\t\t\t\t<svg class=\"e-font-icon-svg e-fab-facebook\" viewbox=\"0 0 512 512\" xmlns=\"http:\/\/www.w3.org\/2000\/svg\"><path d=\"M504 256C504 119 393 8 256 8S8 119 8 256c0 123.78 90.69 226.38 209.25 245V327.69h-63V256h63v-54.64c0-62.15 37-96.48 93.67-96.48 27.14 0 55.52 4.84 55.52 4.84v61h-31.28c-30.8 0-40.41 19.12-40.41 38.73V256h68.78l-11 71.69h-57.78V501C413.31 482.38 504 379.78 504 256z\"><\/path><\/svg>\t\t\t\t\t<\/a>\n\t\t\t\t<\/span>\n\t\t\t\t\t\t\t<span class=\"elementor-grid-item\">\n\t\t\t\t\t<a class=\"elementor-icon elementor-social-icon elementor-social-icon-twitter elementor-repeater-item-5ff3fc0\" target=\"_blank\">\n\t\t\t\t\t\t<span class=\"elementor-screen-only\">Twitter<\/span>\n\t\t\t\t\t\t<svg class=\"e-font-icon-svg e-fab-twitter\" viewbox=\"0 0 512 512\" xmlns=\"http:\/\/www.w3.org\/2000\/svg\"><path d=\"M459.37 151.716c.325 4.548.325 9.097.325 13.645 0 138.72-105.583 298.558-298.558 298.558-59.452 0-114.68-17.219-161.137-47.106 8.447.974 16.568 1.299 25.34 1.299 49.055 0 94.213-16.568 130.274-44.832-46.132-.975-84.792-31.188-98.112-72.772 6.498.974 12.995 1.624 19.818 1.624 9.421 0 18.843-1.3 27.614-3.573-48.081-9.747-84.143-51.98-84.143-102.985v-1.299c13.969 7.797 30.214 12.67 47.431 13.319-28.264-18.843-46.781-51.005-46.781-87.391 0-19.492 5.197-37.36 14.294-52.954 51.655 63.675 129.3 105.258 216.365 109.807-1.624-7.797-2.599-15.918-2.599-24.04 0-57.828 46.782-104.934 104.934-104.934 30.213 0 57.502 12.67 76.67 33.137 23.715-4.548 46.456-13.32 66.599-25.34-7.798 24.366-24.366 44.833-46.132 57.827 21.117-2.273 41.584-8.122 60.426-16.243-14.292 20.791-32.161 39.308-52.628 54.253z\"><\/path><\/svg>\t\t\t\t\t<\/a>\n\t\t\t\t<\/span>\n\t\t\t\t\t<\/div>\n\t\t\t\t<\/div>\n\t\t\t\t<\/div>\n\t\t\t\t<\/div>\n\t\t\t\t<div class=\"elementor-element elementor-element-ed39d97 elementor-widget elementor-widget-heading\" data-id=\"ed39d97\" data-element_type=\"widget\" data-widget_type=\"heading.default\">\n\t\t\t\t<div class=\"elementor-widget-container\">\n\t\t\t<h2 class=\"elementor-heading-title elementor-size-default\">Vous pouvez \u00e9galement nous envoyer un message via le formulaire de contact.<\/h2>\t\t<\/div>\n\t\t\t\t<\/div>\n\t\t<div class=\"elementor-element elementor-element-e4893bb e-con-full e-flex e-con e-child\" data-id=\"e4893bb\" data-element_type=\"container\">\n\t\t\t\t<div class=\"elementor-element elementor-element-6e8a82d elementor-widget elementor-widget-wpforms\" data-id=\"6e8a82d\" data-element_type=\"widget\" data-widget_type=\"wpforms.default\">\n\t\t\t\t<div class=\"elementor-widget-container\">\n\t\t\t<style id=\"wpforms-css-vars-root\">\n\t\t\t\t:root {\n\t\t\t\t\t--wpforms-field-border-radius: 3px;\n--wpforms-field-border-style: solid;\n--wpforms-field-border-size: 1px;\n--wpforms-field-background-color: #ffffff;\n--wpforms-field-border-color: rgba( 0, 0, 0, 0.25 );\n--wpforms-field-border-color-spare: rgba( 0, 0, 0, 0.25 );\n--wpforms-field-text-color: rgba( 0, 0, 0, 0.7 );\n--wpforms-field-menu-color: #ffffff;\n--wpforms-label-color: rgba( 0, 0, 0, 0.85 );\n--wpforms-label-sublabel-color: rgba( 0, 0, 0, 0.55 );\n--wpforms-label-error-color: #d63637;\n--wpforms-button-border-radius: 3px;\n--wpforms-button-border-style: none;\n--wpforms-button-border-size: 1px;\n--wpforms-button-background-color: #066aab;\n--wpforms-button-border-color: #066aab;\n--wpforms-button-text-color: #ffffff;\n--wpforms-page-break-color: #066aab;\n--wpforms-background-image: none;\n--wpforms-background-position: center center;\n--wpforms-background-repeat: no-repeat;\n--wpforms-background-size: cover;\n--wpforms-background-width: 100px;\n--wpforms-background-height: 100px;\n--wpforms-background-color: rgba( 0, 0, 0, 0 );\n--wpforms-background-url: none;\n--wpforms-container-padding: 0px;\n--wpforms-container-border-style: none;\n--wpforms-container-border-width: 1px;\n--wpforms-container-border-color: #000000;\n--wpforms-container-border-radius: 3px;\n--wpforms-field-size-input-height: 43px;\n--wpforms-field-size-input-spacing: 15px;\n--wpforms-field-size-font-size: 16px;\n--wpforms-field-size-line-height: 19px;\n--wpforms-field-size-padding-h: 14px;\n--wpforms-field-size-checkbox-size: 16px;\n--wpforms-field-size-sublabel-spacing: 5px;\n--wpforms-field-size-icon-size: 1;\n--wpforms-label-size-font-size: 16px;\n--wpforms-label-size-line-height: 19px;\n--wpforms-label-size-sublabel-font-size: 14px;\n--wpforms-label-size-sublabel-line-height: 17px;\n--wpforms-button-size-font-size: 17px;\n--wpforms-button-size-height: 41px;\n--wpforms-button-size-padding-h: 15px;\n--wpforms-button-size-margin-top: 10px;\n--wpforms-container-shadow-size-box-shadow: none;\n\n\t\t\t\t}\n\t\t\t<\/style><style id=\"wpforms-css-vars-elementor-widget-6e8a82d\">\n\t\t\t\t.elementor-widget-wpforms.elementor-element-6e8a82d {\n\t\t\t\t\t--wpforms-field-background-color: #93162D;\n--wpforms-field-text-color: #EDC475;\n--wpforms-button-background-color: #93162D;\n--wpforms-button-text-color: #EDC475;\n--wpforms-label-color: #93162D;\n--wpforms-field-size-input-height: 43px;\n--wpforms-field-size-input-spacing: 15px;\n--wpforms-field-size-font-size: 16px;\n--wpforms-field-size-line-height: 19px;\n--wpforms-field-size-padding-h: 14px;\n--wpforms-field-size-checkbox-size: 16px;\n--wpforms-field-size-sublabel-spacing: 5px;\n--wpforms-field-size-icon-size: 1;\n--wpforms-label-size-font-size: 16px;\n--wpforms-label-size-line-height: 19px;\n--wpforms-label-size-sublabel-font-size: 14px;\n--wpforms-label-size-sublabel-line-height: 17px;\n--wpforms-button-size-font-size: 17px;\n--wpforms-button-size-height: 41px;\n--wpforms-button-size-padding-h: 15px;\n--wpforms-button-size-margin-top: 10px;\n\n\t\t\t\t}\n\t\t\t<\/style><div class=\"wpforms-container wpforms-container-full wpforms-render-modern\" id=\"wpforms-386\"><form id=\"wpforms-form-386\" class=\"wpforms-validate wpforms-form wpforms-ajax-form\" data-formid=\"386\" method=\"post\" enctype=\"multipart\/form-data\" action=\"\/fr\/wp-json\/wp\/v2\/pages\/24\" data-token=\"960e089221dd06e08aebc7db75b5b157\" data-token-time=\"1777472930\" data-trp-original-action=\"\/fr\/wp-json\/wp\/v2\/pages\/24\"><noscript class=\"wpforms-error-noscript\">Veuillez activer JavaScript dans votre navigateur pour remplir ce formulaire.<\/noscript><div class=\"wpforms-hidden\" id=\"wpforms-error-noscript\">Veuillez activer JavaScript dans votre navigateur pour remplir ce formulaire.<\/div><div class=\"wpforms-field-container\"><div id=\"wpforms-386-field_0-container\" class=\"wpforms-field wpforms-field-name\" data-field-id=\"0\"><label class=\"wpforms-field-label\" for=\"wpforms-386-field_0\">Name \/ Nom <span class=\"wpforms-required-label\" aria-hidden=\"true\">*<\/span><\/label><input type=\"text\" id=\"wpforms-386-field_0\" class=\"wpforms-field-medium wpforms-field-required\" name=\"wpforms[fields][0]\" aria-errormessage=\"wpforms-386-field_0-error\" required><\/div><div id=\"wpforms-386-field_1-container\" class=\"wpforms-field wpforms-field-email\" data-field-id=\"1\"><label class=\"wpforms-field-label\" for=\"wpforms-386-field_1\">E-Mail-Adresse \/ Adresse \u00e9lectronique <span class=\"wpforms-required-label\" aria-hidden=\"true\">*<\/span><\/label><input type=\"email\" id=\"wpforms-386-field_1\" class=\"wpforms-field-medium wpforms-field-required\" name=\"wpforms[fields][1]\" spellcheck=\"false\" aria-errormessage=\"wpforms-386-field_1-error\" required><\/div><div id=\"wpforms-386-field_2-container\" class=\"wpforms-field wpforms-field-textarea\" data-field-id=\"2\"><label class=\"wpforms-field-label\" for=\"wpforms-386-field_2\">Kommentar oder Nachricht\/ Commentaire ou message<\/label><textarea id=\"wpforms-386-field_2\" class=\"wpforms-field-medium\" name=\"wpforms[fields][2]\" aria-errormessage=\"wpforms-386-field_2-error\" ><\/textarea><\/div><\/div><!-- .wpforms-field-container --><div class=\"wpforms-recaptcha-container wpforms-is-recaptcha wpforms-is-recaptcha-type-invisible\" ><div class=\"g-recaptcha\" data-sitekey=\"6LcfXxYqAAAAAALOP7dki_t5UQreHDHmV8cfHulU\" data-size=\"invisible\"><\/div><\/div><div class=\"wpforms-submit-container\" ><input type=\"hidden\" name=\"wpforms[id]\" value=\"386\"><input type=\"hidden\" name=\"page_title\" value=\"\"><input type=\"hidden\" name=\"page_url\" value=\"https:\/\/la-rioja.eu\/fr\/wp-json\/wp\/v2\/pages\/24\"><button type=\"submit\" name=\"wpforms[submit]\" id=\"wpforms-submit-386\" class=\"wpforms-submit\" data-alt-text=\"Wird gesendet\u00a0\u2026 \/ En cours d&#039;envoi ...\" data-submit-text=\"Absenden\/Soumettre\" aria-live=\"assertive\" value=\"wpforms-submit\">Absenden\/Soumettre<\/button><img decoding=\"async\" src=\"https:\/\/la-rioja.eu\/wp-content\/plugins\/wpforms-lite\/assets\/images\/submit-spin.svg\" class=\"wpforms-submit-spinner\" style=\"display: none;\" width=\"26\" height=\"26\" alt=\"Chargement en cours\"><\/div><input type=\"hidden\" name=\"trp-form-language\" value=\"fr\"\/><\/form><\/div>  <!-- .wpforms-container -->\t\t<\/div>\n\t\t\t\t<\/div>\n\t\t\t\t<\/div>\n\t\t\t\t<div class=\"elementor-element elementor-element-6e270f1 elementor-widget__width-initial elementor-widget elementor-widget-google_maps\" data-id=\"6e270f1\" data-element_type=\"widget\" data-widget_type=\"google_maps.default\">\n\t\t\t\t<div class=\"elementor-widget-container\">\n\t\t\t\t\t<div class=\"elementor-custom-embed\">\n\t\t\t<iframe loading=\"lazy\"\n\t\t\t\t\tsrc=\"https:\/\/maps.google.com\/maps?q=32%20route%20de%20sarrlis%2057320&#038;t=m&#038;z=15&#038;output=embed&#038;iwloc=near\"\n\t\t\t\t\ttitle=\"32 route de sarrlis 57320\"\n\t\t\t\t\taria-label=\"32 route de sarrlis 57320\"\n\t\t\t><\/iframe>\n\t\t<\/div>\n\t\t\t\t<\/div>\n\t\t\t\t<\/div>\n\t\t\t\t\t<\/div>\n\t\t\t\t<\/div>\n\t\t<div class=\"elementor-element elementor-element-18913ad e-flex e-con-boxed e-con e-parent\" data-id=\"18913ad\" data-element_type=\"container\">\n\t\t\t\t\t<div class=\"e-con-inner\">\n\t\t\t\t\t<\/div>\n\t\t\t\t<\/div>\n\t\t\t\t<\/div>","protected":false},"excerpt":{"rendered":"<p>Kontakt La Rioja das etwas andre Restaurant Inh. M. &amp; J Sch\u00e4fer 32 Route de Sarrelouis 57320 Schreckling Telefon: +49 160 680 06 86Mail: info@rioja.eu Folgen Sie uns auch auf, [&hellip;]<\/p>","protected":false},"author":1,"featured_media":0,"parent":0,"menu_order":0,"comment_status":"closed","ping_status":"closed","template":"","meta":{"footnotes":""},"class_list":["post-24","page","type-page","status-publish","hentry","entry"],"yoast_head":"<!-- This site is optimized with the Yoast SEO plugin v23.4 - https:\/\/yoast.com\/wordpress\/plugins\/seo\/ -->\n<title>Kontakt - La-Rioja.eu<\/title>\n<meta name=\"robots\" content=\"index, follow, max-snippet:-1, max-image-preview:large, max-video-preview:-1\" \/>\n<link rel=\"canonical\" href=\"https:\/\/la-rioja.eu\/fr\/kontakt\/\" \/>\n<meta property=\"og:locale\" content=\"fr_FR\" \/>\n<meta property=\"og:type\" content=\"article\" \/>\n<meta property=\"og:title\" content=\"Kontakt - La-Rioja.eu\" \/>\n<meta property=\"og:description\" content=\"Kontakt La Rioja das etwas andre Restaurant Inh. M. &amp; J Sch\u00e4fer 32 Route de Sarrelouis 57320 Schreckling Telefon: +49 160 680 06 86Mail: info@rioja.eu Folgen Sie uns auch auf, [&hellip;]\" \/>\n<meta property=\"og:url\" content=\"https:\/\/la-rioja.eu\/fr\/kontakt\/\" \/>\n<meta property=\"og:site_name\" content=\"La-Rioja.eu\" \/>\n<meta property=\"article:publisher\" content=\"https:\/\/www.facebook.com\/larioja.schreckling\/\" \/>\n<meta property=\"article:modified_time\" content=\"2024-07-24T07:34:48+00:00\" \/>\n<meta property=\"og:image\" content=\"http:\/\/la-rioja.eu\/wp-content\/uploads\/2024\/06\/Gedeckter-Tisch-rotated.jpeg\" \/>\n<meta name=\"twitter:card\" content=\"summary_large_image\" \/>\n<script type=\"application\/ld+json\" class=\"yoast-schema-graph\">{\"@context\":\"https:\/\/schema.org\",\"@graph\":[{\"@type\":\"WebPage\",\"@id\":\"https:\/\/la-rioja.eu\/kontakt\/\",\"url\":\"https:\/\/la-rioja.eu\/kontakt\/\",\"name\":\"Kontakt - La-Rioja.eu\",\"isPartOf\":{\"@id\":\"https:\/\/la-rioja.eu\/#website\"},\"primaryImageOfPage\":{\"@id\":\"https:\/\/la-rioja.eu\/kontakt\/#primaryimage\"},\"image\":{\"@id\":\"https:\/\/la-rioja.eu\/kontakt\/#primaryimage\"},\"thumbnailUrl\":\"http:\/\/la-rioja.eu\/wp-content\/uploads\/2024\/06\/Gedeckter-Tisch-rotated.jpeg\",\"datePublished\":\"2024-06-18T11:18:58+00:00\",\"dateModified\":\"2024-07-24T07:34:48+00:00\",\"breadcrumb\":{\"@id\":\"https:\/\/la-rioja.eu\/kontakt\/#breadcrumb\"},\"inLanguage\":\"fr-FR\",\"potentialAction\":[{\"@type\":\"ReadAction\",\"target\":[\"https:\/\/la-rioja.eu\/kontakt\/\"]}]},{\"@type\":\"ImageObject\",\"inLanguage\":\"fr-FR\",\"@id\":\"https:\/\/la-rioja.eu\/kontakt\/#primaryimage\",\"url\":\"http:\/\/la-rioja.eu\/wp-content\/uploads\/2024\/06\/Gedeckter-Tisch-rotated.jpeg\",\"contentUrl\":\"http:\/\/la-rioja.eu\/wp-content\/uploads\/2024\/06\/Gedeckter-Tisch-rotated.jpeg\"},{\"@type\":\"BreadcrumbList\",\"@id\":\"https:\/\/la-rioja.eu\/kontakt\/#breadcrumb\",\"itemListElement\":[{\"@type\":\"ListItem\",\"position\":1,\"name\":\"Startseite\",\"item\":\"https:\/\/la-rioja.eu\/\"},{\"@type\":\"ListItem\",\"position\":2,\"name\":\"Kontakt\"}]},{\"@type\":\"WebSite\",\"@id\":\"https:\/\/la-rioja.eu\/#website\",\"url\":\"https:\/\/la-rioja.eu\/\",\"name\":\"https:\/\/La-Rioja.eu\",\"description\":\"Das etwas andere Restaurant\",\"publisher\":{\"@id\":\"https:\/\/la-rioja.eu\/#organization\"},\"potentialAction\":[{\"@type\":\"SearchAction\",\"target\":{\"@type\":\"EntryPoint\",\"urlTemplate\":\"https:\/\/la-rioja.eu\/?s={search_term_string}\"},\"query-input\":{\"@type\":\"PropertyValueSpecification\",\"valueRequired\":true,\"valueName\":\"search_term_string\"}}],\"inLanguage\":\"fr-FR\"},{\"@type\":\"Organization\",\"@id\":\"https:\/\/la-rioja.eu\/#organization\",\"name\":\"https:\/\/La-Rioja.eu\",\"url\":\"https:\/\/la-rioja.eu\/\",\"logo\":{\"@type\":\"ImageObject\",\"inLanguage\":\"fr-FR\",\"@id\":\"https:\/\/la-rioja.eu\/#\/schema\/logo\/image\/\",\"url\":\"https:\/\/la-rioja.eu\/wp-content\/uploads\/2024\/09\/cropped-Logo_geaendert.jpg\",\"contentUrl\":\"https:\/\/la-rioja.eu\/wp-content\/uploads\/2024\/09\/cropped-Logo_geaendert.jpg\",\"width\":220,\"height\":135,\"caption\":\"https:\/\/La-Rioja.eu\"},\"image\":{\"@id\":\"https:\/\/la-rioja.eu\/#\/schema\/logo\/image\/\"},\"sameAs\":[\"https:\/\/www.facebook.com\/larioja.schreckling\/\"]}]}<\/script>\n<!-- \/ Yoast SEO plugin. -->","yoast_head_json":{"title":"Kontakt - La-Rioja.eu","robots":{"index":"index","follow":"follow","max-snippet":"max-snippet:-1","max-image-preview":"max-image-preview:large","max-video-preview":"max-video-preview:-1"},"canonical":"https:\/\/la-rioja.eu\/fr\/kontakt\/","og_locale":"fr_FR","og_type":"article","og_title":"Kontakt - La-Rioja.eu","og_description":"Kontakt La Rioja das etwas andre Restaurant Inh. M. &amp; J Sch\u00e4fer 32 Route de Sarrelouis 57320 Schreckling Telefon: +49 160 680 06 86Mail: info@rioja.eu Folgen Sie uns auch auf, [&hellip;]","og_url":"https:\/\/la-rioja.eu\/fr\/kontakt\/","og_site_name":"La-Rioja.eu","article_publisher":"https:\/\/www.facebook.com\/larioja.schreckling\/","article_modified_time":"2024-07-24T07:34:48+00:00","og_image":[{"url":"http:\/\/la-rioja.eu\/wp-content\/uploads\/2024\/06\/Gedeckter-Tisch-rotated.jpeg"}],"twitter_card":"summary_large_image","schema":{"@context":"https:\/\/schema.org","@graph":[{"@type":"WebPage","@id":"https:\/\/la-rioja.eu\/kontakt\/","url":"https:\/\/la-rioja.eu\/kontakt\/","name":"Kontakt - La-Rioja.eu","isPartOf":{"@id":"https:\/\/la-rioja.eu\/#website"},"primaryImageOfPage":{"@id":"https:\/\/la-rioja.eu\/kontakt\/#primaryimage"},"image":{"@id":"https:\/\/la-rioja.eu\/kontakt\/#primaryimage"},"thumbnailUrl":"http:\/\/la-rioja.eu\/wp-content\/uploads\/2024\/06\/Gedeckter-Tisch-rotated.jpeg","datePublished":"2024-06-18T11:18:58+00:00","dateModified":"2024-07-24T07:34:48+00:00","breadcrumb":{"@id":"https:\/\/la-rioja.eu\/kontakt\/#breadcrumb"},"inLanguage":"fr-FR","potentialAction":[{"@type":"ReadAction","target":["https:\/\/la-rioja.eu\/kontakt\/"]}]},{"@type":"ImageObject","inLanguage":"fr-FR","@id":"https:\/\/la-rioja.eu\/kontakt\/#primaryimage","url":"http:\/\/la-rioja.eu\/wp-content\/uploads\/2024\/06\/Gedeckter-Tisch-rotated.jpeg","contentUrl":"http:\/\/la-rioja.eu\/wp-content\/uploads\/2024\/06\/Gedeckter-Tisch-rotated.jpeg"},{"@type":"BreadcrumbList","@id":"https:\/\/la-rioja.eu\/kontakt\/#breadcrumb","itemListElement":[{"@type":"ListItem","position":1,"name":"Startseite","item":"https:\/\/la-rioja.eu\/"},{"@type":"ListItem","position":2,"name":"Kontakt"}]},{"@type":"WebSite","@id":"https:\/\/la-rioja.eu\/#website","url":"https:\/\/la-rioja.eu\/","name":"https:\/\/La-Rioja.eu","description":"Das etwas andere Restaurant","publisher":{"@id":"https:\/\/la-rioja.eu\/#organization"},"potentialAction":[{"@type":"SearchAction","target":{"@type":"EntryPoint","urlTemplate":"https:\/\/la-rioja.eu\/?s={search_term_string}"},"query-input":{"@type":"PropertyValueSpecification","valueRequired":true,"valueName":"search_term_string"}}],"inLanguage":"fr-FR"},{"@type":"Organization","@id":"https:\/\/la-rioja.eu\/#organization","name":"https:\/\/La-Rioja.eu","url":"https:\/\/la-rioja.eu\/","logo":{"@type":"ImageObject","inLanguage":"fr-FR","@id":"https:\/\/la-rioja.eu\/#\/schema\/logo\/image\/","url":"https:\/\/la-rioja.eu\/wp-content\/uploads\/2024\/09\/cropped-Logo_geaendert.jpg","contentUrl":"https:\/\/la-rioja.eu\/wp-content\/uploads\/2024\/09\/cropped-Logo_geaendert.jpg","width":220,"height":135,"caption":"https:\/\/La-Rioja.eu"},"image":{"@id":"https:\/\/la-rioja.eu\/#\/schema\/logo\/image\/"},"sameAs":["https:\/\/www.facebook.com\/larioja.schreckling\/"]}]}},"_links":{"self":[{"href":"https:\/\/la-rioja.eu\/fr\/wp-json\/wp\/v2\/pages\/24"}],"collection":[{"href":"https:\/\/la-rioja.eu\/fr\/wp-json\/wp\/v2\/pages"}],"about":[{"href":"https:\/\/la-rioja.eu\/fr\/wp-json\/wp\/v2\/types\/page"}],"author":[{"embeddable":true,"href":"https:\/\/la-rioja.eu\/fr\/wp-json\/wp\/v2\/users\/1"}],"replies":[{"embeddable":true,"href":"https:\/\/la-rioja.eu\/fr\/wp-json\/wp\/v2\/comments?post=24"}],"version-history":[{"count":76,"href":"https:\/\/la-rioja.eu\/fr\/wp-json\/wp\/v2\/pages\/24\/revisions"}],"predecessor-version":[{"id":428,"href":"https:\/\/la-rioja.eu\/fr\/wp-json\/wp\/v2\/pages\/24\/revisions\/428"}],"wp:attachment":[{"href":"https:\/\/la-rioja.eu\/fr\/wp-json\/wp\/v2\/media?parent=24"}],"curies":[{"name":"wp","href":"https:\/\/api.w.org\/{rel}","templated":true}]}}